{"id":5667,"date":"2023-02-15T15:49:03","date_gmt":"2023-02-15T15:49:03","guid":{"rendered":"https:\/\/atlfibroid.wpengine.com\/privacidad\/"},"modified":"2024-05-29T10:48:16","modified_gmt":"2024-05-29T10:48:16","slug":"privacidad","status":"publish","type":"page","link":"https:\/\/atlantafibroidclinic.com\/es\/privacidad\/","title":{"rendered":"Privacidad"},"content":{"rendered":"\t\t<div data-elementor-type=\"wp-page\" data-elementor-id=\"5667\" class=\"elementor elementor-5667 elementor-3\" data-elementor-post-type=\"page\">\n\t\t\t\t\t\t<section class=\"elementor-section elementor-top-section elementor-element elementor-element-b477c16 elementor-section-boxed elementor-section-height-default elementor-section-height-default\" data-id=\"b477c16\" data-element_type=\"section\" data-e-type=\"section\">\n\t\t\t\t\t\t<div class=\"elementor-container elementor-column-gap-default\">\n\t\t\t\t\t<div class=\"elementor-column elementor-col-100 elementor-top-column elementor-element elementor-element-d666950\" data-id=\"d666950\" data-element_type=\"column\" data-e-type=\"column\">\n\t\t\t<div class=\"elementor-widget-wrap elementor-element-populated\">\n\t\t\t\t\t\t<div class=\"elementor-element elementor-element-6ab27e6 elementor-widget elementor-widget-text-editor\" data-id=\"6ab27e6\" data-element_type=\"widget\" data-e-type=\"widget\" data-widget_type=\"text-editor.default\">\n\t\t\t\t<div class=\"elementor-widget-container\">\n\t\t\t\t\t\t\t\t\t<h2>Declaraci\u00f3n de confidencialidad<\/h2>\nNos comprometemos a proteger su privacidad y a desarrollar tecnolog\u00eda que le ofrezca la experiencia en l\u00ednea m\u00e1s potente y segura. Esta declaraci\u00f3n de privacidad se aplica al sitio web de nuestra consulta y regula la recopilaci\u00f3n y el uso de datos. Al utilizar este sitio web, usted acepta las pr\u00e1cticas relativas a los datos descritas en esta declaraci\u00f3n.\n<h2>Recogida de sus datos personales<\/h2>\nEsta Pr\u00e1ctica recopila informaci\u00f3n de identificaci\u00f3n personal, como su direcci\u00f3n de correo electr\u00f3nico, nombre, direcci\u00f3n de casa o del trabajo o n\u00famero de tel\u00e9fono. Esta Pr\u00e1ctica tambi\u00e9n recopila informaci\u00f3n demogr\u00e1fica an\u00f3nima, que no es exclusiva de usted, como su c\u00f3digo postal, edad, sexo, preferencias, intereses y favoritos.\n\nEste sitio web tambi\u00e9n recoge autom\u00e1ticamente informaci\u00f3n sobre el hardware y el software de su ordenador. Esta informaci\u00f3n puede incluir: su direcci\u00f3n IP, tipo de navegador, nombres de dominio, horas de acceso y direcciones de sitios web de referencia. Esta informaci\u00f3n se utiliza para el funcionamiento del servicio, para mantener la calidad del servicio y para proporcionar estad\u00edsticas generales sobre el uso de este sitio web.\n\nPor favor, tenga en cuenta que si usted divulga directamente informaci\u00f3n de identificaci\u00f3n personal o datos sensibles a trav\u00e9s de foros de mensajes p\u00fablicos, esta informaci\u00f3n puede ser recogida y utilizada por otros.\n\nEsta Pr\u00e1ctica le anima a revisar las declaraciones de privacidad de los sitios web a los que decida enlazar desde el sitio web para que pueda comprender c\u00f3mo recopilan, utilizan y comparten su informaci\u00f3n dichos sitios web. Esta Pr\u00e1ctica no es responsable de las declaraciones de privacidad u otros contenidos de otros sitios web.\n<h2>Uso de sus datos personales<\/h2>\nEsta Pr\u00e1ctica recopila y utiliza su informaci\u00f3n personal para operar el sitio web y prestar los servicios que usted ha solicitado. Esta pr\u00e1ctica tambi\u00e9n utiliza su informaci\u00f3n de identificaci\u00f3n personal para informarle de otros productos o servicios disponibles en esta pr\u00e1ctica y sus afiliados. This Practice tambi\u00e9n puede ponerse en contacto con usted a trav\u00e9s de encuestas para conocer su opini\u00f3n sobre los servicios actuales o potenciales servicios nuevos que puedan ofrecerse.\n\nEsta Pr\u00e1ctica no vende, alquila ni cede sus listas de clientes a terceros. This Practice s\u00ed puede compartir datos con socios fiables que ayudan y\/o en los que delega el an\u00e1lisis estad\u00edstico, el env\u00edo de correo electr\u00f3nico o postal, la atenci\u00f3n al cliente, o los arreglos para la distribuci\u00f3n y entrega. Todos estos terceros tienen prohibido utilizar su informaci\u00f3n personal excepto para prestar estos servicios y est\u00e1n obligados a mantener la confidencialidad de su informaci\u00f3n.\n\nEsta Pr\u00e1ctica no utiliza ni divulga informaci\u00f3n personal sensible, como raza, religi\u00f3n o afiliaciones pol\u00edticas, sin su consentimiento expl\u00edcito.\n\nEste Consultorio s\u00f3lo revelar\u00e1 sus datos personales, sin previo aviso, si as\u00ed se lo exige la ley.\n<h2>Uso de cookies<\/h2>\nEl sitio web utiliza \u00abcookies\u00bb para ayudar a esta Pr\u00e1ctica a personalizar su experiencia en l\u00ednea. Una cookie es un archivo de texto que un servidor de p\u00e1ginas web coloca en su disco duro. Las cookies no pueden utilizarse para ejecutar programas o enviar virus a su ordenador. Las cookies se le asignan a usted de forma exclusiva, y s\u00f3lo pueden ser le\u00eddas por un servidor web en el dominio que emiti\u00f3 la cookie para usted.\n<h2>Seguridad de sus datos personales<\/h2>\nEsta Pr\u00e1ctica asegura su informaci\u00f3n personal frente al acceso, uso o divulgaci\u00f3n no autorizados. Esta Pr\u00e1ctica mantiene la informaci\u00f3n de identificaci\u00f3n personal que Usted haya provisto, en servidores ubicados en un ambiente controlado y seguro, protegidos del acceso, uso o divulgaci\u00f3n no autorizados. Cuando se transmite informaci\u00f3n personal (como el n\u00famero de una tarjeta de cr\u00e9dito) a otros sitios web, \u00e9sta se protege mediante el uso de cifrado, como el protocolo Secure Socket Layer (SSL).\n<h2>Cambios en esta declaraci\u00f3n<\/h2>\nThis Practice podr\u00e1 ocasionalmente actualizar esta Declaraci\u00f3n de Privacidad para reflejar las sugerencias tanto de la compa\u00f1\u00eda como de los clientes. Le animamos a que revise peri\u00f3dicamente esta Declaraci\u00f3n para estar informado de c\u00f3mo esta Pr\u00e1ctica protege su informaci\u00f3n.\n<h2>Informaci\u00f3n de contacto<\/h2>\nP\u00f3ngase en contacto con nosotros por tel\u00e9fono en el <a href=\"tel:4049771238\" target=\"_blank\" rel=\"noopener\">(404) 977-1238<\/a> o por correo postal en 3840 Peachtree Industrial Boulevard, Suite 275, Duluth, GA 30096.\t\t\t\t\t\t\t\t<\/div>\n\t\t\t\t<\/div>\n\t\t\t\t\t<\/div>\n\t\t<\/div>\n\t\t\t\t\t<\/div>\n\t\t<\/section>\n\t\t\t\t<\/div>\n\t\t","protected":false},"excerpt":{"rendered":"<p>Declaraci\u00f3n de confidencialidad Nos comprometemos a proteger su privacidad y a desarrollar tecnolog\u00eda que le ofrezca la experiencia en l\u00ednea m\u00e1s potente y segura. Esta declaraci\u00f3n de privacidad se aplica al sitio web de nuestra consulta y regula la recopilaci\u00f3n y el uso de datos. Al utilizar este sitio web, usted acepta las pr\u00e1cticas relativas [&hellip;]<\/p>\n","protected":false},"author":1,"featured_media":0,"parent":0,"menu_order":0,"comment_status":"closed","ping_status":"closed","template":"","meta":{"site-sidebar-layout":"default","site-content-layout":"","ast-site-content-layout":"default","site-content-style":"default","site-sidebar-style":"default","ast-global-header-display":"","ast-banner-title-visibility":"","ast-main-header-display":"","ast-hfb-above-header-display":"","ast-hfb-below-header-display":"","ast-hfb-mobile-header-display":"","site-post-title":"","ast-breadcrumbs-content":"","ast-featured-img":"","footer-sml-layout":"","ast-disable-related-posts":"","theme-transparent-header-meta":"default","adv-header-id-meta":"","stick-header-meta":"default","header-above-stick-meta":"","header-main-stick-meta":"","header-below-stick-meta":"","astra-migrate-meta-layouts":"set","ast-page-background-enabled":"default","ast-page-background-meta":{"desktop":{"background-color":"var(--ast-global-color-4)","background-image":"","background-repeat":"repeat","background-position":"center center","background-size":"auto","background-attachment":"scroll","background-type":"","background-media":"","overlay-type":"","overlay-color":"","overlay-opacity":"","overlay-gradient":""},"tablet":{"background-color":"","background-image":"","background-repeat":"repeat","background-position":"center center","background-size":"auto","background-attachment":"scroll","background-type":"","background-media":"","overlay-type":"","overlay-color":"","overlay-opacity":"","overlay-gradient":""},"mobile":{"background-color":"","background-image":"","background-repeat":"repeat","background-position":"center center","background-size":"auto","background-attachment":"scroll","background-type":"","background-media":"","overlay-type":"","overlay-color":"","overlay-opacity":"","overlay-gradient":""}},"ast-content-background-meta":{"desktop":{"background-color":"var(--ast-global-color-5)","background-image":"","background-repeat":"repeat","background-position":"center center","background-size":"auto","background-attachment":"scroll","background-type":"","background-media":"","overlay-type":"","overlay-color":"","overlay-opacity":"","overlay-gradient":""},"tablet":{"background-color":"var(--ast-global-color-5)","background-image":"","background-repeat":"repeat","background-position":"center center","background-size":"auto","background-attachment":"scroll","background-type":"","background-media":"","overlay-type":"","overlay-color":"","overlay-opacity":"","overlay-gradient":""},"mobile":{"background-color":"var(--ast-global-color-5)","background-image":"","background-repeat":"repeat","background-position":"center center","background-size":"auto","background-attachment":"scroll","background-type":"","background-media":"","overlay-type":"","overlay-color":"","overlay-opacity":"","overlay-gradient":""}},"footnotes":""},"class_list":["post-5667","page","type-page","status-publish","hentry"],"yoast_head":"<!-- This site is optimized with the Yoast SEO plugin v27.4 - https:\/\/yoast.com\/product\/yoast-seo-wordpress\/ -->\n<title>Privacidad | Cl\u00ednica de fibromas cerca de m\u00ed | Cl\u00ednica de fibromas de Atlanta<\/title>\n<meta name=\"description\" content=\"Conozca c\u00f3mo Atlanta Fibroid Clinic maneja su privacidad e informaci\u00f3n personal. Lea nuestra pol\u00edtica de privacidad para comprender nuestras pr\u00e1cticas.\" \/>\n<meta name=\"robots\" content=\"index, follow, max-snippet:-1, max-image-preview:large, max-video-preview:-1\" \/>\n<link rel=\"canonical\" href=\"https:\/\/atlantafibroidclinic.com\/es\/privacidad\/\" \/>\n<meta property=\"og:locale\" content=\"es_ES\" \/>\n<meta property=\"og:type\" content=\"article\" \/>\n<meta property=\"og:title\" content=\"Privacidad | Cl\u00ednica de fibromas cerca de m\u00ed | Cl\u00ednica de fibromas de Atlanta\" \/>\n<meta property=\"og:description\" content=\"Conozca c\u00f3mo Atlanta Fibroid Clinic maneja su privacidad e informaci\u00f3n personal. Lea nuestra pol\u00edtica de privacidad para comprender nuestras pr\u00e1cticas.\" \/>\n<meta property=\"og:url\" content=\"https:\/\/atlantafibroidclinic.com\/es\/privacidad\/\" \/>\n<meta property=\"article:modified_time\" content=\"2024-05-29T10:48:16+00:00\" \/>\n<meta name=\"twitter:card\" content=\"summary_large_image\" \/>\n<meta name=\"twitter:label1\" content=\"Tiempo de lectura\" \/>\n\t<meta name=\"twitter:data1\" content=\"4 minutos\" \/>\n<script type=\"application\/ld+json\" class=\"yoast-schema-graph\">{\"@context\":\"https:\\\/\\\/schema.org\",\"@graph\":[{\"@type\":\"WebPage\",\"@id\":\"https:\\\/\\\/atlantafibroidclinic.com\\\/es\\\/privacidad\\\/\",\"url\":\"https:\\\/\\\/atlantafibroidclinic.com\\\/es\\\/privacidad\\\/\",\"name\":\"Privacidad | Cl\u00ednica de fibromas cerca de m\u00ed | Cl\u00ednica de fibromas de Atlanta\",\"isPartOf\":{\"@id\":\"https:\\\/\\\/atlantafibroidclinic.com\\\/#website\"},\"datePublished\":\"2023-02-15T15:49:03+00:00\",\"dateModified\":\"2024-05-29T10:48:16+00:00\",\"description\":\"Conozca c\u00f3mo Atlanta Fibroid Clinic maneja su privacidad e informaci\u00f3n personal. Lea nuestra pol\u00edtica de privacidad para comprender nuestras pr\u00e1cticas.\",\"breadcrumb\":{\"@id\":\"https:\\\/\\\/atlantafibroidclinic.com\\\/es\\\/privacidad\\\/#breadcrumb\"},\"inLanguage\":\"es\",\"potentialAction\":[{\"@type\":\"ReadAction\",\"target\":[\"https:\\\/\\\/atlantafibroidclinic.com\\\/es\\\/privacidad\\\/\"]}]},{\"@type\":\"BreadcrumbList\",\"@id\":\"https:\\\/\\\/atlantafibroidclinic.com\\\/es\\\/privacidad\\\/#breadcrumb\",\"itemListElement\":[{\"@type\":\"ListItem\",\"position\":1,\"name\":\"Home\",\"item\":\"https:\\\/\\\/atlantafibroidclinic.com\\\/\"},{\"@type\":\"ListItem\",\"position\":2,\"name\":\"Privacidad\"}]},{\"@type\":\"WebSite\",\"@id\":\"https:\\\/\\\/atlantafibroidclinic.com\\\/#website\",\"url\":\"https:\\\/\\\/atlantafibroidclinic.com\\\/\",\"name\":\"\",\"description\":\"The Atlanta Fibroid Clinic\",\"potentialAction\":[{\"@type\":\"SearchAction\",\"target\":{\"@type\":\"EntryPoint\",\"urlTemplate\":\"https:\\\/\\\/atlantafibroidclinic.com\\\/?s={search_term_string}\"},\"query-input\":{\"@type\":\"PropertyValueSpecification\",\"valueRequired\":true,\"valueName\":\"search_term_string\"}}],\"inLanguage\":\"es\"}]}<\/script>\n<!-- \/ Yoast SEO plugin. -->","yoast_head_json":{"title":"Privacidad | Cl\u00ednica de fibromas cerca de m\u00ed | Cl\u00ednica de fibromas de Atlanta","description":"Conozca c\u00f3mo Atlanta Fibroid Clinic maneja su privacidad e informaci\u00f3n personal. Lea nuestra pol\u00edtica de privacidad para comprender nuestras pr\u00e1cticas.","robots":{"index":"index","follow":"follow","max-snippet":"max-snippet:-1","max-image-preview":"max-image-preview:large","max-video-preview":"max-video-preview:-1"},"canonical":"https:\/\/atlantafibroidclinic.com\/es\/privacidad\/","og_locale":"es_ES","og_type":"article","og_title":"Privacidad | Cl\u00ednica de fibromas cerca de m\u00ed | Cl\u00ednica de fibromas de Atlanta","og_description":"Conozca c\u00f3mo Atlanta Fibroid Clinic maneja su privacidad e informaci\u00f3n personal. Lea nuestra pol\u00edtica de privacidad para comprender nuestras pr\u00e1cticas.","og_url":"https:\/\/atlantafibroidclinic.com\/es\/privacidad\/","article_modified_time":"2024-05-29T10:48:16+00:00","twitter_card":"summary_large_image","twitter_misc":{"Tiempo de lectura":"4 minutos"},"schema":{"@context":"https:\/\/schema.org","@graph":[{"@type":"WebPage","@id":"https:\/\/atlantafibroidclinic.com\/es\/privacidad\/","url":"https:\/\/atlantafibroidclinic.com\/es\/privacidad\/","name":"Privacidad | Cl\u00ednica de fibromas cerca de m\u00ed | Cl\u00ednica de fibromas de Atlanta","isPartOf":{"@id":"https:\/\/atlantafibroidclinic.com\/#website"},"datePublished":"2023-02-15T15:49:03+00:00","dateModified":"2024-05-29T10:48:16+00:00","description":"Conozca c\u00f3mo Atlanta Fibroid Clinic maneja su privacidad e informaci\u00f3n personal. Lea nuestra pol\u00edtica de privacidad para comprender nuestras pr\u00e1cticas.","breadcrumb":{"@id":"https:\/\/atlantafibroidclinic.com\/es\/privacidad\/#breadcrumb"},"inLanguage":"es","potentialAction":[{"@type":"ReadAction","target":["https:\/\/atlantafibroidclinic.com\/es\/privacidad\/"]}]},{"@type":"BreadcrumbList","@id":"https:\/\/atlantafibroidclinic.com\/es\/privacidad\/#breadcrumb","itemListElement":[{"@type":"ListItem","position":1,"name":"Home","item":"https:\/\/atlantafibroidclinic.com\/"},{"@type":"ListItem","position":2,"name":"Privacidad"}]},{"@type":"WebSite","@id":"https:\/\/atlantafibroidclinic.com\/#website","url":"https:\/\/atlantafibroidclinic.com\/","name":"","description":"The Atlanta Fibroid Clinic","potentialAction":[{"@type":"SearchAction","target":{"@type":"EntryPoint","urlTemplate":"https:\/\/atlantafibroidclinic.com\/?s={search_term_string}"},"query-input":{"@type":"PropertyValueSpecification","valueRequired":true,"valueName":"search_term_string"}}],"inLanguage":"es"}]}},"_links":{"self":[{"href":"https:\/\/atlantafibroidclinic.com\/es\/wp-json\/wp\/v2\/pages\/5667","targetHints":{"allow":["GET"]}}],"collection":[{"href":"https:\/\/atlantafibroidclinic.com\/es\/wp-json\/wp\/v2\/pages"}],"about":[{"href":"https:\/\/atlantafibroidclinic.com\/es\/wp-json\/wp\/v2\/types\/page"}],"author":[{"embeddable":true,"href":"https:\/\/atlantafibroidclinic.com\/es\/wp-json\/wp\/v2\/users\/1"}],"replies":[{"embeddable":true,"href":"https:\/\/atlantafibroidclinic.com\/es\/wp-json\/wp\/v2\/comments?post=5667"}],"version-history":[{"count":0,"href":"https:\/\/atlantafibroidclinic.com\/es\/wp-json\/wp\/v2\/pages\/5667\/revisions"}],"wp:attachment":[{"href":"https:\/\/atlantafibroidclinic.com\/es\/wp-json\/wp\/v2\/media?parent=5667"}],"curies":[{"name":"wp","href":"https:\/\/api.w.org\/{rel}","templated":true}]}}